{"id":3385,"date":"2021-09-08T13:14:58","date_gmt":"2021-09-08T13:14:58","guid":{"rendered":"https:\/\/www.chillet.fr\/produit\/queue-de-dahu-tressee-a-leau-de-vie\/"},"modified":"2021-10-21T07:45:04","modified_gmt":"2021-10-21T07:45:04","slug":"queue-de-dahu-tressee-a-leau-de-vie","status":"publish","type":"product","link":"https:\/\/www.chillet.fr\/en\/produit\/queue-de-dahu-tressee-a-leau-de-vie\/","title":{"rendered":"Queue de dahu tress\u00e9e \u00e0 l\u2019eau de vie"},"content":{"rendered":"<p>Produit r\u00e9compens\u00e9 au Concours Saucicr\u00e9or : M\u00e9daille de bronze 2019<\/p>\n","protected":false},"excerpt":{"rendered":"<p>Produit r\u00e9compens\u00e9 au Concours Saucicr\u00e9or : M\u00e9daille de bronze 2019<\/p>\n","protected":false},"featured_media":3116,"template":"","meta":{"_acf_changed":false},"product_brand":[],"product_cat":[99],"product_tag":[131],"class_list":{"0":"post-3385","1":"product","2":"type-product","3":"status-publish","4":"has-post-thumbnail","6":"product_cat-les-formes-originales","7":"product_tag-medaille-de-bronze-2019-en","9":"first","10":"instock","11":"product-type-simple"},"acf":[],"yoast_head":"<!-- This site is optimized with the Yoast SEO plugin v26.9 - https:\/\/yoast.com\/product\/yoast-seo-wordpress\/ -->\n<title>Queue de dahu tress\u00e9e \u00e0 l\u2019eau de vie - Maison Chillet<\/title>\n<meta name=\"robots\" content=\"index, follow, max-snippet:-1, max-image-preview:large, max-video-preview:-1\" \/>\n<link rel=\"canonical\" href=\"https:\/\/www.chillet.fr\/en\/produit\/queue-de-dahu-tressee-a-leau-de-vie\/\" \/>\n<meta property=\"og:locale\" content=\"en_US\" \/>\n<meta property=\"og:type\" content=\"article\" \/>\n<meta property=\"og:title\" content=\"Queue de dahu tress\u00e9e \u00e0 l\u2019eau de vie - Maison Chillet\" \/>\n<meta property=\"og:description\" content=\"Produit r\u00e9compens\u00e9 au Concours Saucicr\u00e9or : M\u00e9daille de bronze 2019\" \/>\n<meta property=\"og:url\" content=\"https:\/\/www.chillet.fr\/en\/produit\/queue-de-dahu-tressee-a-leau-de-vie\/\" \/>\n<meta property=\"og:site_name\" content=\"Maison Chillet\" \/>\n<meta property=\"article:modified_time\" content=\"2021-10-21T07:45:04+00:00\" \/>\n<meta property=\"og:image\" content=\"https:\/\/www.chillet.fr\/wp-content\/uploads\/2021\/09\/QUEUE-DE-DAHU-160-180g-768x1024.jpg\" \/>\n\t<meta property=\"og:image:width\" content=\"768\" \/>\n\t<meta property=\"og:image:height\" content=\"1024\" \/>\n\t<meta property=\"og:image:type\" content=\"image\/jpeg\" \/>\n<meta name=\"twitter:card\" content=\"summary_large_image\" \/>\n<script type=\"application\/ld+json\" class=\"yoast-schema-graph\">{\"@context\":\"https:\/\/schema.org\",\"@graph\":[{\"@type\":\"WebPage\",\"@id\":\"https:\/\/www.chillet.fr\/en\/produit\/queue-de-dahu-tressee-a-leau-de-vie\/\",\"url\":\"https:\/\/www.chillet.fr\/en\/produit\/queue-de-dahu-tressee-a-leau-de-vie\/\",\"name\":\"Queue de dahu tress\u00e9e \u00e0 l\u2019eau de vie - Maison Chillet\",\"isPartOf\":{\"@id\":\"https:\/\/www.chillet.fr\/en\/#website\"},\"primaryImageOfPage\":{\"@id\":\"https:\/\/www.chillet.fr\/en\/produit\/queue-de-dahu-tressee-a-leau-de-vie\/#primaryimage\"},\"image\":{\"@id\":\"https:\/\/www.chillet.fr\/en\/produit\/queue-de-dahu-tressee-a-leau-de-vie\/#primaryimage\"},\"thumbnailUrl\":\"https:\/\/www.chillet.fr\/wp-content\/uploads\/2021\/09\/QUEUE-DE-DAHU-160-180g.jpg\",\"datePublished\":\"2021-09-08T13:14:58+00:00\",\"dateModified\":\"2021-10-21T07:45:04+00:00\",\"breadcrumb\":{\"@id\":\"https:\/\/www.chillet.fr\/en\/produit\/queue-de-dahu-tressee-a-leau-de-vie\/#breadcrumb\"},\"inLanguage\":\"en-US\",\"potentialAction\":[{\"@type\":\"ReadAction\",\"target\":[\"https:\/\/www.chillet.fr\/en\/produit\/queue-de-dahu-tressee-a-leau-de-vie\/\"]}]},{\"@type\":\"ImageObject\",\"inLanguage\":\"en-US\",\"@id\":\"https:\/\/www.chillet.fr\/en\/produit\/queue-de-dahu-tressee-a-leau-de-vie\/#primaryimage\",\"url\":\"https:\/\/www.chillet.fr\/wp-content\/uploads\/2021\/09\/QUEUE-DE-DAHU-160-180g.jpg\",\"contentUrl\":\"https:\/\/www.chillet.fr\/wp-content\/uploads\/2021\/09\/QUEUE-DE-DAHU-160-180g.jpg\",\"width\":1920,\"height\":2560},{\"@type\":\"BreadcrumbList\",\"@id\":\"https:\/\/www.chillet.fr\/en\/produit\/queue-de-dahu-tressee-a-leau-de-vie\/#breadcrumb\",\"itemListElement\":[{\"@type\":\"ListItem\",\"position\":1,\"name\":\"Accueil\",\"item\":\"https:\/\/www.chillet.fr\/en\/\"},{\"@type\":\"ListItem\",\"position\":2,\"name\":\"OUR PRODUCTS\",\"item\":\"https:\/\/www.chillet.fr\/en\/shop\/\"},{\"@type\":\"ListItem\",\"position\":3,\"name\":\"Queue de dahu tress\u00e9e \u00e0 l\u2019eau de vie\"}]},{\"@type\":\"WebSite\",\"@id\":\"https:\/\/www.chillet.fr\/en\/#website\",\"url\":\"https:\/\/www.chillet.fr\/en\/\",\"name\":\"Maison Chillet\",\"description\":\"Fabricant de saucissons de qualit\u00e9\",\"publisher\":{\"@id\":\"https:\/\/www.chillet.fr\/en\/#organization\"},\"potentialAction\":[{\"@type\":\"SearchAction\",\"target\":{\"@type\":\"EntryPoint\",\"urlTemplate\":\"https:\/\/www.chillet.fr\/en\/?s={search_term_string}\"},\"query-input\":{\"@type\":\"PropertyValueSpecification\",\"valueRequired\":true,\"valueName\":\"search_term_string\"}}],\"inLanguage\":\"en-US\"},{\"@type\":\"Organization\",\"@id\":\"https:\/\/www.chillet.fr\/en\/#organization\",\"name\":\"Maison Chillet\",\"url\":\"https:\/\/www.chillet.fr\/en\/\",\"logo\":{\"@type\":\"ImageObject\",\"inLanguage\":\"en-US\",\"@id\":\"https:\/\/www.chillet.fr\/en\/#\/schema\/logo\/image\/\",\"url\":\"https:\/\/www.chillet.fr\/wp-content\/uploads\/2021\/08\/logo.svg\",\"contentUrl\":\"https:\/\/www.chillet.fr\/wp-content\/uploads\/2021\/08\/logo.svg\",\"width\":204,\"height\":51,\"caption\":\"Maison Chillet\"},\"image\":{\"@id\":\"https:\/\/www.chillet.fr\/en\/#\/schema\/logo\/image\/\"}}]}<\/script>\n<!-- \/ Yoast SEO plugin. -->","yoast_head_json":{"title":"Queue de dahu tress\u00e9e \u00e0 l\u2019eau de vie - Maison Chillet","robots":{"index":"index","follow":"follow","max-snippet":"max-snippet:-1","max-image-preview":"max-image-preview:large","max-video-preview":"max-video-preview:-1"},"canonical":"https:\/\/www.chillet.fr\/en\/produit\/queue-de-dahu-tressee-a-leau-de-vie\/","og_locale":"en_US","og_type":"article","og_title":"Queue de dahu tress\u00e9e \u00e0 l\u2019eau de vie - Maison Chillet","og_description":"Produit r\u00e9compens\u00e9 au Concours Saucicr\u00e9or : M\u00e9daille de bronze 2019","og_url":"https:\/\/www.chillet.fr\/en\/produit\/queue-de-dahu-tressee-a-leau-de-vie\/","og_site_name":"Maison Chillet","article_modified_time":"2021-10-21T07:45:04+00:00","og_image":[{"width":768,"height":1024,"url":"https:\/\/www.chillet.fr\/wp-content\/uploads\/2021\/09\/QUEUE-DE-DAHU-160-180g-768x1024.jpg","type":"image\/jpeg"}],"twitter_card":"summary_large_image","schema":{"@context":"https:\/\/schema.org","@graph":[{"@type":"WebPage","@id":"https:\/\/www.chillet.fr\/en\/produit\/queue-de-dahu-tressee-a-leau-de-vie\/","url":"https:\/\/www.chillet.fr\/en\/produit\/queue-de-dahu-tressee-a-leau-de-vie\/","name":"Queue de dahu tress\u00e9e \u00e0 l\u2019eau de vie - Maison Chillet","isPartOf":{"@id":"https:\/\/www.chillet.fr\/en\/#website"},"primaryImageOfPage":{"@id":"https:\/\/www.chillet.fr\/en\/produit\/queue-de-dahu-tressee-a-leau-de-vie\/#primaryimage"},"image":{"@id":"https:\/\/www.chillet.fr\/en\/produit\/queue-de-dahu-tressee-a-leau-de-vie\/#primaryimage"},"thumbnailUrl":"https:\/\/www.chillet.fr\/wp-content\/uploads\/2021\/09\/QUEUE-DE-DAHU-160-180g.jpg","datePublished":"2021-09-08T13:14:58+00:00","dateModified":"2021-10-21T07:45:04+00:00","breadcrumb":{"@id":"https:\/\/www.chillet.fr\/en\/produit\/queue-de-dahu-tressee-a-leau-de-vie\/#breadcrumb"},"inLanguage":"en-US","potentialAction":[{"@type":"ReadAction","target":["https:\/\/www.chillet.fr\/en\/produit\/queue-de-dahu-tressee-a-leau-de-vie\/"]}]},{"@type":"ImageObject","inLanguage":"en-US","@id":"https:\/\/www.chillet.fr\/en\/produit\/queue-de-dahu-tressee-a-leau-de-vie\/#primaryimage","url":"https:\/\/www.chillet.fr\/wp-content\/uploads\/2021\/09\/QUEUE-DE-DAHU-160-180g.jpg","contentUrl":"https:\/\/www.chillet.fr\/wp-content\/uploads\/2021\/09\/QUEUE-DE-DAHU-160-180g.jpg","width":1920,"height":2560},{"@type":"BreadcrumbList","@id":"https:\/\/www.chillet.fr\/en\/produit\/queue-de-dahu-tressee-a-leau-de-vie\/#breadcrumb","itemListElement":[{"@type":"ListItem","position":1,"name":"Accueil","item":"https:\/\/www.chillet.fr\/en\/"},{"@type":"ListItem","position":2,"name":"OUR PRODUCTS","item":"https:\/\/www.chillet.fr\/en\/shop\/"},{"@type":"ListItem","position":3,"name":"Queue de dahu tress\u00e9e \u00e0 l\u2019eau de vie"}]},{"@type":"WebSite","@id":"https:\/\/www.chillet.fr\/en\/#website","url":"https:\/\/www.chillet.fr\/en\/","name":"Maison Chillet","description":"Fabricant de saucissons de qualit\u00e9","publisher":{"@id":"https:\/\/www.chillet.fr\/en\/#organization"},"potentialAction":[{"@type":"SearchAction","target":{"@type":"EntryPoint","urlTemplate":"https:\/\/www.chillet.fr\/en\/?s={search_term_string}"},"query-input":{"@type":"PropertyValueSpecification","valueRequired":true,"valueName":"search_term_string"}}],"inLanguage":"en-US"},{"@type":"Organization","@id":"https:\/\/www.chillet.fr\/en\/#organization","name":"Maison Chillet","url":"https:\/\/www.chillet.fr\/en\/","logo":{"@type":"ImageObject","inLanguage":"en-US","@id":"https:\/\/www.chillet.fr\/en\/#\/schema\/logo\/image\/","url":"https:\/\/www.chillet.fr\/wp-content\/uploads\/2021\/08\/logo.svg","contentUrl":"https:\/\/www.chillet.fr\/wp-content\/uploads\/2021\/08\/logo.svg","width":204,"height":51,"caption":"Maison Chillet"},"image":{"@id":"https:\/\/www.chillet.fr\/en\/#\/schema\/logo\/image\/"}}]}},"_links":{"self":[{"href":"https:\/\/www.chillet.fr\/en\/wp-json\/wp\/v2\/product\/3385","targetHints":{"allow":["GET"]}}],"collection":[{"href":"https:\/\/www.chillet.fr\/en\/wp-json\/wp\/v2\/product"}],"about":[{"href":"https:\/\/www.chillet.fr\/en\/wp-json\/wp\/v2\/types\/product"}],"wp:featuredmedia":[{"embeddable":true,"href":"https:\/\/www.chillet.fr\/en\/wp-json\/wp\/v2\/media\/3116"}],"wp:attachment":[{"href":"https:\/\/www.chillet.fr\/en\/wp-json\/wp\/v2\/media?parent=3385"}],"wp:term":[{"taxonomy":"product_brand","embeddable":true,"href":"https:\/\/www.chillet.fr\/en\/wp-json\/wp\/v2\/product_brand?post=3385"},{"taxonomy":"product_cat","embeddable":true,"href":"https:\/\/www.chillet.fr\/en\/wp-json\/wp\/v2\/product_cat?post=3385"},{"taxonomy":"product_tag","embeddable":true,"href":"https:\/\/www.chillet.fr\/en\/wp-json\/wp\/v2\/product_tag?post=3385"}],"curies":[{"name":"wp","href":"https:\/\/api.w.org\/{rel}","templated":true}]}}