{"id":4021,"date":"2023-01-10T14:57:55","date_gmt":"2023-01-10T14:57:55","guid":{"rendered":"https:\/\/www.chillet.fr\/?post_type=product&#038;p=4021"},"modified":"2026-02-09T10:58:20","modified_gmt":"2026-02-09T09:58:20","slug":"saucisson-de-noel-aux-des-de-figues-sechees-et-epices-pain-depices","status":"publish","type":"product","link":"https:\/\/www.chillet.fr\/en\/produit\/saucisson-de-noel-aux-des-de-figues-sechees-et-epices-pain-depices\/","title":{"rendered":"Saucisson de No\u00ebl aux d\u00e9s de figues s\u00e9ch\u00e9es et \u00e9pices pain d\u2019\u00e9pices"},"content":{"rendered":"<h3><\/h3>\n<p>&nbsp;<\/p>\n","protected":false},"excerpt":{"rendered":"<h5 style=\"text-align: center;\"><strong>Uniquement d&#8217;octobre \u00e0 d\u00e9cembre<\/strong><\/h5>\n<p style=\"text-align: center;\">En forme de b\u00fbche de No\u00ebl &#8211; Boyau naturel \u2013 Fleuri naturel<\/p>\n<p>\u00a0 \u00a0 \u00a0 \u00a0 \u00a0 \u00a0 \u00a0 \u00a0 \u00a0 \u00a0 \u00a0 \u00a0 \u00a0 \u00a0 \u00a0 \u00a0 \u00a0 \u00a0 \u00a0 \u00a0 \u00a0 \u00a0 \u00a0 \u00a0 \u00a0 \u00a0 \u00a0Aux d\u00e9s de Figues S\u00e9ch\u00e9es et aux ar\u00f4mes \u00e9pices Pain d&#8217;Epices<\/p>\n<p>&nbsp;<\/p>\n","protected":false},"featured_media":4022,"template":"","meta":{"_acf_changed":false},"product_brand":[],"product_cat":[170],"product_tag":[],"class_list":{"0":"post-4021","1":"product","2":"type-product","3":"status-publish","4":"has-post-thumbnail","6":"product_cat-12-gamme-dexception-le-savoir-faire-chillet","8":"first","9":"instock","10":"shipping-taxable","11":"purchasable","12":"product-type-simple"},"acf":[],"yoast_head":"<!-- This site is optimized with the Yoast SEO plugin v26.9 - https:\/\/yoast.com\/product\/yoast-seo-wordpress\/ -->\n<title>Saucisson de No\u00ebl aux d\u00e9s de figues s\u00e9ch\u00e9es et \u00e9pices pain d\u2019\u00e9pices - Maison Chillet<\/title>\n<meta name=\"robots\" content=\"index, follow, max-snippet:-1, max-image-preview:large, max-video-preview:-1\" \/>\n<link rel=\"canonical\" href=\"https:\/\/www.chillet.fr\/en\/produit\/saucisson-de-noel-aux-des-de-figues-sechees-et-epices-pain-depices\/\" \/>\n<meta property=\"og:locale\" content=\"en_US\" \/>\n<meta property=\"og:type\" content=\"article\" \/>\n<meta property=\"og:title\" content=\"Saucisson de No\u00ebl aux d\u00e9s de figues s\u00e9ch\u00e9es et \u00e9pices pain d\u2019\u00e9pices - Maison Chillet\" \/>\n<meta property=\"og:description\" content=\"Uniquement d&#039;octobre \u00e0 d\u00e9cembre En forme de b\u00fbche de No\u00ebl - Boyau naturel \u2013 Fleuri naturel \u00a0 \u00a0 \u00a0 \u00a0 \u00a0 \u00a0 \u00a0 \u00a0 \u00a0 \u00a0 \u00a0 \u00a0 \u00a0 \u00a0 \u00a0 \u00a0 \u00a0 \u00a0 \u00a0 \u00a0 \u00a0 \u00a0 \u00a0 \u00a0 \u00a0 \u00a0 \u00a0Aux d\u00e9s de Figues S\u00e9ch\u00e9es et aux ar\u00f4mes \u00e9pices Pain d&#039;Epices  &nbsp;\" \/>\n<meta property=\"og:url\" content=\"https:\/\/www.chillet.fr\/en\/produit\/saucisson-de-noel-aux-des-de-figues-sechees-et-epices-pain-depices\/\" \/>\n<meta property=\"og:site_name\" content=\"Maison Chillet\" \/>\n<meta property=\"article:modified_time\" content=\"2026-02-09T09:58:20+00:00\" \/>\n<meta property=\"og:image\" content=\"https:\/\/www.chillet.fr\/wp-content\/uploads\/2023\/01\/saucisson-de-noel.png\" \/>\n\t<meta property=\"og:image:width\" content=\"1024\" \/>\n\t<meta property=\"og:image:height\" content=\"768\" \/>\n\t<meta property=\"og:image:type\" content=\"image\/png\" \/>\n<meta name=\"twitter:card\" content=\"summary_large_image\" \/>\n<meta name=\"twitter:label1\" content=\"Est. reading time\" \/>\n\t<meta name=\"twitter:data1\" content=\"1 minute\" \/>\n<script type=\"application\/ld+json\" class=\"yoast-schema-graph\">{\"@context\":\"https:\/\/schema.org\",\"@graph\":[{\"@type\":\"WebPage\",\"@id\":\"https:\/\/www.chillet.fr\/en\/produit\/saucisson-de-noel-aux-des-de-figues-sechees-et-epices-pain-depices\/\",\"url\":\"https:\/\/www.chillet.fr\/en\/produit\/saucisson-de-noel-aux-des-de-figues-sechees-et-epices-pain-depices\/\",\"name\":\"Saucisson de No\u00ebl aux d\u00e9s de figues s\u00e9ch\u00e9es et \u00e9pices pain d\u2019\u00e9pices - Maison Chillet\",\"isPartOf\":{\"@id\":\"https:\/\/www.chillet.fr\/en\/#website\"},\"primaryImageOfPage\":{\"@id\":\"https:\/\/www.chillet.fr\/en\/produit\/saucisson-de-noel-aux-des-de-figues-sechees-et-epices-pain-depices\/#primaryimage\"},\"image\":{\"@id\":\"https:\/\/www.chillet.fr\/en\/produit\/saucisson-de-noel-aux-des-de-figues-sechees-et-epices-pain-depices\/#primaryimage\"},\"thumbnailUrl\":\"https:\/\/www.chillet.fr\/wp-content\/uploads\/2023\/01\/saucisson-de-noel.png\",\"datePublished\":\"2023-01-10T14:57:55+00:00\",\"dateModified\":\"2026-02-09T09:58:20+00:00\",\"breadcrumb\":{\"@id\":\"https:\/\/www.chillet.fr\/en\/produit\/saucisson-de-noel-aux-des-de-figues-sechees-et-epices-pain-depices\/#breadcrumb\"},\"inLanguage\":\"en-US\",\"potentialAction\":[{\"@type\":\"ReadAction\",\"target\":[\"https:\/\/www.chillet.fr\/en\/produit\/saucisson-de-noel-aux-des-de-figues-sechees-et-epices-pain-depices\/\"]}]},{\"@type\":\"ImageObject\",\"inLanguage\":\"en-US\",\"@id\":\"https:\/\/www.chillet.fr\/en\/produit\/saucisson-de-noel-aux-des-de-figues-sechees-et-epices-pain-depices\/#primaryimage\",\"url\":\"https:\/\/www.chillet.fr\/wp-content\/uploads\/2023\/01\/saucisson-de-noel.png\",\"contentUrl\":\"https:\/\/www.chillet.fr\/wp-content\/uploads\/2023\/01\/saucisson-de-noel.png\",\"width\":1024,\"height\":768},{\"@type\":\"BreadcrumbList\",\"@id\":\"https:\/\/www.chillet.fr\/en\/produit\/saucisson-de-noel-aux-des-de-figues-sechees-et-epices-pain-depices\/#breadcrumb\",\"itemListElement\":[{\"@type\":\"ListItem\",\"position\":1,\"name\":\"Accueil\",\"item\":\"https:\/\/www.chillet.fr\/en\/\"},{\"@type\":\"ListItem\",\"position\":2,\"name\":\"OUR PRODUCTS\",\"item\":\"https:\/\/www.chillet.fr\/en\/shop\/\"},{\"@type\":\"ListItem\",\"position\":3,\"name\":\"Saucisson de No\u00ebl aux d\u00e9s de figues s\u00e9ch\u00e9es et \u00e9pices pain d\u2019\u00e9pices\"}]},{\"@type\":\"WebSite\",\"@id\":\"https:\/\/www.chillet.fr\/en\/#website\",\"url\":\"https:\/\/www.chillet.fr\/en\/\",\"name\":\"Maison Chillet\",\"description\":\"Fabricant de saucissons de qualit\u00e9\",\"publisher\":{\"@id\":\"https:\/\/www.chillet.fr\/en\/#organization\"},\"potentialAction\":[{\"@type\":\"SearchAction\",\"target\":{\"@type\":\"EntryPoint\",\"urlTemplate\":\"https:\/\/www.chillet.fr\/en\/?s={search_term_string}\"},\"query-input\":{\"@type\":\"PropertyValueSpecification\",\"valueRequired\":true,\"valueName\":\"search_term_string\"}}],\"inLanguage\":\"en-US\"},{\"@type\":\"Organization\",\"@id\":\"https:\/\/www.chillet.fr\/en\/#organization\",\"name\":\"Maison Chillet\",\"url\":\"https:\/\/www.chillet.fr\/en\/\",\"logo\":{\"@type\":\"ImageObject\",\"inLanguage\":\"en-US\",\"@id\":\"https:\/\/www.chillet.fr\/en\/#\/schema\/logo\/image\/\",\"url\":\"https:\/\/www.chillet.fr\/wp-content\/uploads\/2021\/08\/logo.svg\",\"contentUrl\":\"https:\/\/www.chillet.fr\/wp-content\/uploads\/2021\/08\/logo.svg\",\"width\":204,\"height\":51,\"caption\":\"Maison Chillet\"},\"image\":{\"@id\":\"https:\/\/www.chillet.fr\/en\/#\/schema\/logo\/image\/\"}}]}<\/script>\n<!-- \/ Yoast SEO plugin. -->","yoast_head_json":{"title":"Saucisson de No\u00ebl aux d\u00e9s de figues s\u00e9ch\u00e9es et \u00e9pices pain d\u2019\u00e9pices - Maison Chillet","robots":{"index":"index","follow":"follow","max-snippet":"max-snippet:-1","max-image-preview":"max-image-preview:large","max-video-preview":"max-video-preview:-1"},"canonical":"https:\/\/www.chillet.fr\/en\/produit\/saucisson-de-noel-aux-des-de-figues-sechees-et-epices-pain-depices\/","og_locale":"en_US","og_type":"article","og_title":"Saucisson de No\u00ebl aux d\u00e9s de figues s\u00e9ch\u00e9es et \u00e9pices pain d\u2019\u00e9pices - Maison Chillet","og_description":"Uniquement d'octobre \u00e0 d\u00e9cembre En forme de b\u00fbche de No\u00ebl - Boyau naturel \u2013 Fleuri naturel \u00a0 \u00a0 \u00a0 \u00a0 \u00a0 \u00a0 \u00a0 \u00a0 \u00a0 \u00a0 \u00a0 \u00a0 \u00a0 \u00a0 \u00a0 \u00a0 \u00a0 \u00a0 \u00a0 \u00a0 \u00a0 \u00a0 \u00a0 \u00a0 \u00a0 \u00a0 \u00a0Aux d\u00e9s de Figues S\u00e9ch\u00e9es et aux ar\u00f4mes \u00e9pices Pain d'Epices  &nbsp;","og_url":"https:\/\/www.chillet.fr\/en\/produit\/saucisson-de-noel-aux-des-de-figues-sechees-et-epices-pain-depices\/","og_site_name":"Maison Chillet","article_modified_time":"2026-02-09T09:58:20+00:00","og_image":[{"width":1024,"height":768,"url":"https:\/\/www.chillet.fr\/wp-content\/uploads\/2023\/01\/saucisson-de-noel.png","type":"image\/png"}],"twitter_card":"summary_large_image","twitter_misc":{"Est. reading time":"1 minute"},"schema":{"@context":"https:\/\/schema.org","@graph":[{"@type":"WebPage","@id":"https:\/\/www.chillet.fr\/en\/produit\/saucisson-de-noel-aux-des-de-figues-sechees-et-epices-pain-depices\/","url":"https:\/\/www.chillet.fr\/en\/produit\/saucisson-de-noel-aux-des-de-figues-sechees-et-epices-pain-depices\/","name":"Saucisson de No\u00ebl aux d\u00e9s de figues s\u00e9ch\u00e9es et \u00e9pices pain d\u2019\u00e9pices - Maison Chillet","isPartOf":{"@id":"https:\/\/www.chillet.fr\/en\/#website"},"primaryImageOfPage":{"@id":"https:\/\/www.chillet.fr\/en\/produit\/saucisson-de-noel-aux-des-de-figues-sechees-et-epices-pain-depices\/#primaryimage"},"image":{"@id":"https:\/\/www.chillet.fr\/en\/produit\/saucisson-de-noel-aux-des-de-figues-sechees-et-epices-pain-depices\/#primaryimage"},"thumbnailUrl":"https:\/\/www.chillet.fr\/wp-content\/uploads\/2023\/01\/saucisson-de-noel.png","datePublished":"2023-01-10T14:57:55+00:00","dateModified":"2026-02-09T09:58:20+00:00","breadcrumb":{"@id":"https:\/\/www.chillet.fr\/en\/produit\/saucisson-de-noel-aux-des-de-figues-sechees-et-epices-pain-depices\/#breadcrumb"},"inLanguage":"en-US","potentialAction":[{"@type":"ReadAction","target":["https:\/\/www.chillet.fr\/en\/produit\/saucisson-de-noel-aux-des-de-figues-sechees-et-epices-pain-depices\/"]}]},{"@type":"ImageObject","inLanguage":"en-US","@id":"https:\/\/www.chillet.fr\/en\/produit\/saucisson-de-noel-aux-des-de-figues-sechees-et-epices-pain-depices\/#primaryimage","url":"https:\/\/www.chillet.fr\/wp-content\/uploads\/2023\/01\/saucisson-de-noel.png","contentUrl":"https:\/\/www.chillet.fr\/wp-content\/uploads\/2023\/01\/saucisson-de-noel.png","width":1024,"height":768},{"@type":"BreadcrumbList","@id":"https:\/\/www.chillet.fr\/en\/produit\/saucisson-de-noel-aux-des-de-figues-sechees-et-epices-pain-depices\/#breadcrumb","itemListElement":[{"@type":"ListItem","position":1,"name":"Accueil","item":"https:\/\/www.chillet.fr\/en\/"},{"@type":"ListItem","position":2,"name":"OUR PRODUCTS","item":"https:\/\/www.chillet.fr\/en\/shop\/"},{"@type":"ListItem","position":3,"name":"Saucisson de No\u00ebl aux d\u00e9s de figues s\u00e9ch\u00e9es et \u00e9pices pain d\u2019\u00e9pices"}]},{"@type":"WebSite","@id":"https:\/\/www.chillet.fr\/en\/#website","url":"https:\/\/www.chillet.fr\/en\/","name":"Maison Chillet","description":"Fabricant de saucissons de qualit\u00e9","publisher":{"@id":"https:\/\/www.chillet.fr\/en\/#organization"},"potentialAction":[{"@type":"SearchAction","target":{"@type":"EntryPoint","urlTemplate":"https:\/\/www.chillet.fr\/en\/?s={search_term_string}"},"query-input":{"@type":"PropertyValueSpecification","valueRequired":true,"valueName":"search_term_string"}}],"inLanguage":"en-US"},{"@type":"Organization","@id":"https:\/\/www.chillet.fr\/en\/#organization","name":"Maison Chillet","url":"https:\/\/www.chillet.fr\/en\/","logo":{"@type":"ImageObject","inLanguage":"en-US","@id":"https:\/\/www.chillet.fr\/en\/#\/schema\/logo\/image\/","url":"https:\/\/www.chillet.fr\/wp-content\/uploads\/2021\/08\/logo.svg","contentUrl":"https:\/\/www.chillet.fr\/wp-content\/uploads\/2021\/08\/logo.svg","width":204,"height":51,"caption":"Maison Chillet"},"image":{"@id":"https:\/\/www.chillet.fr\/en\/#\/schema\/logo\/image\/"}}]}},"_links":{"self":[{"href":"https:\/\/www.chillet.fr\/en\/wp-json\/wp\/v2\/product\/4021","targetHints":{"allow":["GET"]}}],"collection":[{"href":"https:\/\/www.chillet.fr\/en\/wp-json\/wp\/v2\/product"}],"about":[{"href":"https:\/\/www.chillet.fr\/en\/wp-json\/wp\/v2\/types\/product"}],"wp:featuredmedia":[{"embeddable":true,"href":"https:\/\/www.chillet.fr\/en\/wp-json\/wp\/v2\/media\/4022"}],"wp:attachment":[{"href":"https:\/\/www.chillet.fr\/en\/wp-json\/wp\/v2\/media?parent=4021"}],"wp:term":[{"taxonomy":"product_brand","embeddable":true,"href":"https:\/\/www.chillet.fr\/en\/wp-json\/wp\/v2\/product_brand?post=4021"},{"taxonomy":"product_cat","embeddable":true,"href":"https:\/\/www.chillet.fr\/en\/wp-json\/wp\/v2\/product_cat?post=4021"},{"taxonomy":"product_tag","embeddable":true,"href":"https:\/\/www.chillet.fr\/en\/wp-json\/wp\/v2\/product_tag?post=4021"}],"curies":[{"name":"wp","href":"https:\/\/api.w.org\/{rel}","templated":true}]}}